{"id":4979,"date":"2021-11-01T03:00:18","date_gmt":"2021-11-01T06:00:18","guid":{"rendered":"http:\/\/personaliteservicos.com.br\/personalite\/?page_id=4979"},"modified":"2021-11-03T22:23:31","modified_gmt":"2021-11-04T01:23:31","slug":"seguranca-patrimonial","status":"publish","type":"page","link":"https:\/\/personaliteservicos.com.br\/personalite\/seguranca-patrimonial\/","title":{"rendered":"Seguran\u00e7a Patrimonial"},"content":{"rendered":"<div class=\"portfolio-container-wrapper ui--pass\" data-layout=\"normal\" data-columns=\"3\" style=\"margin-bottom: 100px;\"><div id=\"portfolio-9lKT4\" class=\"portfolio-container layout--normal clearfix\"><div class=\"ui-row row\">\n <div   class=\"ui-column span4\"><div class=\"ui--block ui--content-item ui--pass ui--animation\"><div  class=\"ui--content-box ui--box ui-row\"><div class=\"ui--content-box-header\"><div class=\"ui--content-box-media effect--fade type--default clearfix\" style=\"padding-bottom: 56.25%;\"><a class=\"ui--content-box-link\" href=\"https:\/\/personaliteservicos.com.br\/personalite\/servicos\/seguranca-armada\/\"><div class=\"ui--content-box-image-default\"><img loading=\"lazy\" decoding=\"async\" width=\"570\" height=\"321\" src=\"https:\/\/personaliteservicos.com.br\/personalite\/wp-content\/uploads\/2021\/11\/portfolio-seguranca-armada-570x321.jpg\" class=\"ui--content-box-image\" alt=\"\" \/><\/div><div class=\"ui--content-box-overlay\"><div class=\"ui--content-box-overlay-background\"><\/div><div class=\"center\"><span class=\"btn btn-primary ui--center-vertical\"><span class=\"ui--content-box-overlay-button-text\">Detalhes<\/span><span class=\"ui--content-box-overlay-button-icon\"><i class=\"ui--icon icomoon-filter-3\"><\/i><\/span><\/span><\/div><\/div><\/a><\/div><a class=\"ui--content-box-link\" href=\"https:\/\/personaliteservicos.com.br\/personalite\/servicos\/seguranca-armada\/\"><div class=\"ui--content-box-title ui--gradient ui--gradient-grey on--hover clearfix text-center\"><h5 class=\"ui--content-box-title-text\">Seguran\u00e7a Armada<\/h5><\/div><\/a><\/div><\/div><div class=\"ui--shadow ui--shadow-type-8 ui--shadow-abs ui--shadow-reset clearfix\"><img decoding=\"async\" src=\"https:\/\/personaliteservicos.com.br\/personalite\/wp-content\/themes\/envision\/includes\/modules\/module.shadow\/shadows\/shadow-8.png\" alt=\"shadow\" \/><\/div><\/div><\/div> \n\n <div   class=\"ui-column span4\"><div class=\"ui--block ui--content-item ui--pass ui--animation\"><div  class=\"ui--content-box ui--box ui-row\"><div class=\"ui--content-box-header\"><div class=\"ui--content-box-media effect--fade type--default clearfix\" style=\"padding-bottom: 56.25%;\"><a class=\"ui--content-box-link\" href=\"https:\/\/personaliteservicos.com.br\/personalite\/servicos\/seguranca-bancaria\/\"><div class=\"ui--content-box-image-default\"><img loading=\"lazy\" decoding=\"async\" width=\"570\" height=\"321\" src=\"https:\/\/personaliteservicos.com.br\/personalite\/wp-content\/uploads\/2021\/11\/portfolio-seguranca-bancaria-570x321.jpg\" class=\"ui--content-box-image\" alt=\"\" \/><\/div><div class=\"ui--content-box-overlay\"><div class=\"ui--content-box-overlay-background\"><\/div><div class=\"center\"><span class=\"btn btn-primary ui--center-vertical\"><span class=\"ui--content-box-overlay-button-text\">Detalhes<\/span><span class=\"ui--content-box-overlay-button-icon\"><i class=\"ui--icon icomoon-filter-3\"><\/i><\/span><\/span><\/div><\/div><\/a><\/div><a class=\"ui--content-box-link\" href=\"https:\/\/personaliteservicos.com.br\/personalite\/servicos\/seguranca-bancaria\/\"><div class=\"ui--content-box-title ui--gradient ui--gradient-grey on--hover clearfix text-center\"><h5 class=\"ui--content-box-title-text\">Seguran\u00e7a Banc\u00e1ria<\/h5><\/div><\/a><\/div><\/div><div class=\"ui--shadow ui--shadow-type-8 ui--shadow-abs ui--shadow-reset clearfix\"><img decoding=\"async\" src=\"https:\/\/personaliteservicos.com.br\/personalite\/wp-content\/themes\/envision\/includes\/modules\/module.shadow\/shadows\/shadow-8.png\" alt=\"shadow\" \/><\/div><\/div><\/div> \n\n <div   class=\"ui-column span4\"><div class=\"ui--block ui--content-item ui--pass ui--animation\"><div  class=\"ui--content-box ui--box ui-row\"><div class=\"ui--content-box-header\"><div class=\"ui--content-box-media effect--fade type--default clearfix\" style=\"padding-bottom: 56.25%;\"><a class=\"ui--content-box-link\" href=\"https:\/\/personaliteservicos.com.br\/personalite\/servicos\/seguranca-de-condominios\/\"><div class=\"ui--content-box-image-default\"><img loading=\"lazy\" decoding=\"async\" width=\"570\" height=\"321\" src=\"https:\/\/personaliteservicos.com.br\/personalite\/wp-content\/uploads\/2021\/11\/portfolio-seguranca-condominio-570x321.jpg\" class=\"ui--content-box-image\" alt=\"\" \/><\/div><div class=\"ui--content-box-overlay\"><div class=\"ui--content-box-overlay-background\"><\/div><div class=\"center\"><span class=\"btn btn-primary ui--center-vertical\"><span class=\"ui--content-box-overlay-button-text\">Detalhes<\/span><span class=\"ui--content-box-overlay-button-icon\"><i class=\"ui--icon icomoon-filter-3\"><\/i><\/span><\/span><\/div><\/div><\/a><\/div><a class=\"ui--content-box-link\" href=\"https:\/\/personaliteservicos.com.br\/personalite\/servicos\/seguranca-de-condominios\/\"><div class=\"ui--content-box-title ui--gradient ui--gradient-grey on--hover clearfix text-center\"><h5 class=\"ui--content-box-title-text\">Seguran\u00e7a de Condom\u00ednios<\/h5><\/div><\/a><\/div><\/div><div class=\"ui--shadow ui--shadow-type-8 ui--shadow-abs ui--shadow-reset clearfix\"><img decoding=\"async\" src=\"https:\/\/personaliteservicos.com.br\/personalite\/wp-content\/themes\/envision\/includes\/modules\/module.shadow\/shadows\/shadow-8.png\" alt=\"shadow\" \/><\/div><\/div><\/div> \n\n<\/div> \n<div class=\"ui-row row\">\n <div   class=\"ui-column span4\"><div class=\"ui--block ui--content-item ui--pass ui--animation\"><div  class=\"ui--content-box ui--box ui-row\"><div class=\"ui--content-box-header\"><div class=\"ui--content-box-media effect--fade type--default clearfix\" style=\"padding-bottom: 56.25%;\"><a class=\"ui--content-box-link\" href=\"https:\/\/personaliteservicos.com.br\/personalite\/servicos\/seguranca-desarmada\/\"><div class=\"ui--content-box-image-default\"><img loading=\"lazy\" decoding=\"async\" width=\"570\" height=\"321\" src=\"https:\/\/personaliteservicos.com.br\/personalite\/wp-content\/uploads\/2021\/11\/portfolio-seguranca-desarmada-570x321.jpg\" class=\"ui--content-box-image\" alt=\"\" \/><\/div><div class=\"ui--content-box-overlay\"><div class=\"ui--content-box-overlay-background\"><\/div><div class=\"center\"><span class=\"btn btn-primary ui--center-vertical\"><span class=\"ui--content-box-overlay-button-text\">Detalhes<\/span><span class=\"ui--content-box-overlay-button-icon\"><i class=\"ui--icon icomoon-filter-3\"><\/i><\/span><\/span><\/div><\/div><\/a><\/div><a class=\"ui--content-box-link\" href=\"https:\/\/personaliteservicos.com.br\/personalite\/servicos\/seguranca-desarmada\/\"><div class=\"ui--content-box-title ui--gradient ui--gradient-grey on--hover clearfix text-center\"><h5 class=\"ui--content-box-title-text\">Seguran\u00e7a Desarmada<\/h5><\/div><\/a><\/div><\/div><div class=\"ui--shadow ui--shadow-type-8 ui--shadow-abs ui--shadow-reset clearfix\"><img decoding=\"async\" src=\"https:\/\/personaliteservicos.com.br\/personalite\/wp-content\/themes\/envision\/includes\/modules\/module.shadow\/shadows\/shadow-8.png\" alt=\"shadow\" \/><\/div><\/div><\/div> \n\n <div   class=\"ui-column span4\"><div class=\"ui--block ui--content-item ui--pass ui--animation\"><div  class=\"ui--content-box ui--box ui-row\"><div class=\"ui--content-box-header\"><div class=\"ui--content-box-media effect--fade type--default clearfix\" style=\"padding-bottom: 56.25%;\"><a class=\"ui--content-box-link\" href=\"https:\/\/personaliteservicos.com.br\/personalite\/servicos\/seguranca-industrial\/\"><div class=\"ui--content-box-image-default\"><img loading=\"lazy\" decoding=\"async\" width=\"570\" height=\"321\" src=\"https:\/\/personaliteservicos.com.br\/personalite\/wp-content\/uploads\/2021\/11\/portfolio-seguranca-industrial-570x321.jpg\" class=\"ui--content-box-image\" alt=\"\" \/><\/div><div class=\"ui--content-box-overlay\"><div class=\"ui--content-box-overlay-background\"><\/div><div class=\"center\"><span class=\"btn btn-primary ui--center-vertical\"><span class=\"ui--content-box-overlay-button-text\">Detalhes<\/span><span class=\"ui--content-box-overlay-button-icon\"><i class=\"ui--icon icomoon-filter-3\"><\/i><\/span><\/span><\/div><\/div><\/a><\/div><a class=\"ui--content-box-link\" href=\"https:\/\/personaliteservicos.com.br\/personalite\/servicos\/seguranca-industrial\/\"><div class=\"ui--content-box-title ui--gradient ui--gradient-grey on--hover clearfix text-center\"><h5 class=\"ui--content-box-title-text\">Seguran\u00e7a Industrial<\/h5><\/div><\/a><\/div><\/div><div class=\"ui--shadow ui--shadow-type-8 ui--shadow-abs ui--shadow-reset clearfix\"><img decoding=\"async\" src=\"https:\/\/personaliteservicos.com.br\/personalite\/wp-content\/themes\/envision\/includes\/modules\/module.shadow\/shadows\/shadow-8.png\" alt=\"shadow\" \/><\/div><\/div><\/div> \n\n <div   class=\"ui-column span4\"><div class=\"ui--block ui--content-item ui--pass ui--animation\"><div  class=\"ui--content-box ui--box ui-row\"><div class=\"ui--content-box-header\"><div class=\"ui--content-box-media effect--fade type--default clearfix\" style=\"padding-bottom: 56.25%;\"><a class=\"ui--content-box-link\" href=\"https:\/\/personaliteservicos.com.br\/personalite\/servicos\/sistema-de-controle-de-acesso\/\"><div class=\"ui--content-box-image-default\"><img loading=\"lazy\" decoding=\"async\" width=\"570\" height=\"321\" src=\"https:\/\/personaliteservicos.com.br\/personalite\/wp-content\/uploads\/2021\/11\/portfolio-controle-de-acesso-570x321.jpg\" class=\"ui--content-box-image\" alt=\"\" \/><\/div><div class=\"ui--content-box-overlay\"><div class=\"ui--content-box-overlay-background\"><\/div><div class=\"center\"><span class=\"btn btn-primary ui--center-vertical\"><span class=\"ui--content-box-overlay-button-text\">Detalhes<\/span><span class=\"ui--content-box-overlay-button-icon\"><i class=\"ui--icon icomoon-filter-3\"><\/i><\/span><\/span><\/div><\/div><\/a><\/div><a class=\"ui--content-box-link\" href=\"https:\/\/personaliteservicos.com.br\/personalite\/servicos\/sistema-de-controle-de-acesso\/\"><div class=\"ui--content-box-title ui--gradient ui--gradient-grey on--hover clearfix text-center\"><h5 class=\"ui--content-box-title-text\">Sistema de Controle de Acesso<\/h5><\/div><\/a><\/div><\/div><div class=\"ui--shadow ui--shadow-type-8 ui--shadow-abs ui--shadow-reset clearfix\"><img decoding=\"async\" src=\"https:\/\/personaliteservicos.com.br\/personalite\/wp-content\/themes\/envision\/includes\/modules\/module.shadow\/shadows\/shadow-8.png\" alt=\"shadow\" \/><\/div><\/div><\/div> \n\n<\/div> \n<\/div><\/div>","protected":false},"excerpt":{"rendered":"<p>DetalhesSeguran\u00e7a Armada DetalhesSeguran\u00e7a Banc\u00e1ria DetalhesSeguran\u00e7a de Condom\u00ednios DetalhesSeguran\u00e7a Desarmada DetalhesSeguran\u00e7a Industrial DetalhesSistema de Controle de Acesso<\/p>\n","protected":false},"author":7,"featured_media":0,"parent":0,"menu_order":3,"comment_status":"closed","ping_status":"closed","template":"","meta":{"_joinchat":[],"footnotes":""},"class_list":["post-4979","page","type-page","status-publish","hentry"],"_links":{"self":[{"href":"https:\/\/personaliteservicos.com.br\/personalite\/wp-json\/wp\/v2\/pages\/4979","targetHints":{"allow":["GET"]}}],"collection":[{"href":"https:\/\/personaliteservicos.com.br\/personalite\/wp-json\/wp\/v2\/pages"}],"about":[{"href":"https:\/\/personaliteservicos.com.br\/personalite\/wp-json\/wp\/v2\/types\/page"}],"author":[{"embeddable":true,"href":"https:\/\/personaliteservicos.com.br\/personalite\/wp-json\/wp\/v2\/users\/7"}],"replies":[{"embeddable":true,"href":"https:\/\/personaliteservicos.com.br\/personalite\/wp-json\/wp\/v2\/comments?post=4979"}],"version-history":[{"count":3,"href":"https:\/\/personaliteservicos.com.br\/personalite\/wp-json\/wp\/v2\/pages\/4979\/revisions"}],"predecessor-version":[{"id":4986,"href":"https:\/\/personaliteservicos.com.br\/personalite\/wp-json\/wp\/v2\/pages\/4979\/revisions\/4986"}],"wp:attachment":[{"href":"https:\/\/personaliteservicos.com.br\/personalite\/wp-json\/wp\/v2\/media?parent=4979"}],"curies":[{"name":"wp","href":"https:\/\/api.w.org\/{rel}","templated":true}]}}