{"id":370,"date":"2021-11-01T06:00:05","date_gmt":"2021-11-01T09:00:05","guid":{"rendered":"http:\/\/envision.wptation.com\/?page_id=370"},"modified":"2021-11-04T15:40:26","modified_gmt":"2021-11-04T18:40:26","slug":"contato","status":"publish","type":"page","link":"https:\/\/personaliteservicos.com.br\/personalite\/contato\/","title":{"rendered":"Contato"},"content":{"rendered":"<div class=\"ui-row row\">\n <div   class=\"ui-column span6\"><div  class=\"ui--animation-in make--fx--caption-left ui--pass clearfix\" data-fx=\"fx--caption-left\" data-delay=\"150\" data-start-delay=\"0\"><div class=\"ui--title ui--animation ui--title-bordered text-left\"><div class=\"ui--title-holder\"><h3 class=\"ui--title-text\"><strong>Como podemos ajudar?<\/strong><\/h3><div class=\"ui--title-borders ui--title-border-left\"><\/div><div class=\"ui--title-borders ui--title-border-right\"><\/div><\/div><\/div><div  class=\"ui--accordion ui--box ui--animation clearfix\"><div  class=\"ui--accordion-item ui--gradient ui--gradient-grey on--hover ui-row first-item ui--accordion-state-closed accordion-1-1\"><a href=\"#accordion-1-1\" class=\"ui--accordion-item-title heading\"><div><span class=\"ui--accordion-item-icon\"><span class=\"ui--accordion-item-icon-closed\"><i class=\"ui--icon fontawesome-plus\"><\/i><\/span><span class=\"ui--accordion-item-icon-opened\"><i class=\"ui--icon fontawesome-minus\"><\/i><\/span><\/span><span class=\"ui--accordion-item-title-text\">QUERO SABER SOBRE VAGAS<\/span><\/div><\/a><div id=\"accordion-1-1\" class=\"ui--accordion-item-content\"> \n<div class=\"wpcf7 no-js\" id=\"wpcf7-f4927-o1\" lang=\"pt-BR\" dir=\"ltr\">\n<div class=\"screen-reader-response\"><p role=\"status\" aria-live=\"polite\" aria-atomic=\"true\"><\/p> <ul><\/ul><\/div>\n<form action=\"\/personalite\/wp-json\/wp\/v2\/pages\/370#wpcf7-f4927-o1\" method=\"post\" class=\"wpcf7-form init\" aria-label=\"Formul\u00e1rios de contato\" novalidate=\"novalidate\" data-status=\"init\">\n<div style=\"display: none;\">\n<input type=\"hidden\" name=\"_wpcf7\" value=\"4927\" \/>\n<input type=\"hidden\" name=\"_wpcf7_version\" value=\"5.7.7\" \/>\n<input type=\"hidden\" name=\"_wpcf7_locale\" value=\"pt_BR\" \/>\n<input type=\"hidden\" name=\"_wpcf7_unit_tag\" value=\"wpcf7-f4927-o1\" \/>\n<input type=\"hidden\" name=\"_wpcf7_container_post\" value=\"0\" \/>\n<input type=\"hidden\" name=\"_wpcf7_posted_data_hash\" value=\"\" \/>\n<\/div>\n<div id=\"geral\">\n\t<div id=\"col-esquerda\">\n\t\t<p><span class=\"wpcf7-form-control-wrap\" data-name=\"nome\"><input size=\"40\" class=\"wpcf7-form-control wpcf7-text wpcf7-validates-as-required\" aria-required=\"true\" aria-invalid=\"false\" placeholder=\"Nome\" value=\"\" type=\"text\" name=\"nome\" \/><\/span><br \/>\n<span class=\"wpcf7-form-control-wrap\" data-name=\"whatsapp\"><input size=\"40\" class=\"wpcf7-form-control wpcf7-text wpcf7-validates-as-required cel\" aria-required=\"true\" aria-invalid=\"false\" placeholder=\"WhatsApp\" value=\"\" type=\"text\" name=\"whatsapp\" \/><\/span><br \/>\n<span class=\"wpcf7-form-control-wrap\" data-name=\"email\"><input size=\"40\" class=\"wpcf7-form-control wpcf7-text wpcf7-email wpcf7-validates-as-required wpcf7-validates-as-email\" aria-required=\"true\" aria-invalid=\"false\" placeholder=\"E-mail\" value=\"\" type=\"email\" name=\"email\" \/><\/span>\n\t\t<\/p>\n\t<\/div>\n\t<div id=\"col-direita\">\n\t\t<p><span class=\"wpcf7-form-control-wrap\" data-name=\"msg\"><textarea cols=\"40\" rows=\"10\" class=\"wpcf7-form-control wpcf7-textarea wpcf7-validates-as-required\" aria-required=\"true\" aria-invalid=\"false\" placeholder=\"Mensagem\" name=\"msg\"><\/textarea><\/span>\n\t\t<\/p>\n\t<\/div>\n\t<div id=\"rodape\">\n\t\t<p><input class=\"wpcf7-form-control has-spinner wpcf7-submit btn btn-primary\" type=\"submit\" value=\"ENVIAR SOLICITA\u00c7\u00c3O\" \/>\n\t\t<\/p>\n\t<\/div>\n<\/div><p style=\"display: none !important;\"><label>&#916;<textarea name=\"_wpcf7_ak_hp_textarea\" cols=\"45\" rows=\"8\" maxlength=\"100\"><\/textarea><\/label><input type=\"hidden\" id=\"ak_js_1\" name=\"_wpcf7_ak_js\" value=\"139\"\/><script>document.getElementById( \"ak_js_1\" ).setAttribute( \"value\", ( new Date() ).getTime() );<\/script><\/p><div class=\"wpcf7-response-output\" aria-hidden=\"true\"><\/div>\n<\/form>\n<\/div>\n <\/div><\/div><div  class=\"ui--accordion-item ui--gradient ui--gradient-grey on--hover ui-row last-item ui--accordion-state-closed accordion-1-2\"><a href=\"#accordion-1-2\" class=\"ui--accordion-item-title heading\"><div><span class=\"ui--accordion-item-icon\"><span class=\"ui--accordion-item-icon-closed\"><i class=\"ui--icon fontawesome-plus\"><\/i><\/span><span class=\"ui--accordion-item-icon-opened\"><i class=\"ui--icon fontawesome-minus\"><\/i><\/span><\/span><span class=\"ui--accordion-item-title-text\">QUERO ENTRAR EM CONTATO<\/span><\/div><\/a><div id=\"accordion-1-2\" class=\"ui--accordion-item-content\"> \n<div class=\"wpcf7 no-js\" id=\"wpcf7-f4928-o2\" lang=\"pt-BR\" dir=\"ltr\">\n<div class=\"screen-reader-response\"><p role=\"status\" aria-live=\"polite\" aria-atomic=\"true\"><\/p> <ul><\/ul><\/div>\n<form action=\"\/personalite\/wp-json\/wp\/v2\/pages\/370#wpcf7-f4928-o2\" method=\"post\" class=\"wpcf7-form init\" aria-label=\"Formul\u00e1rios de contato\" novalidate=\"novalidate\" data-status=\"init\">\n<div style=\"display: none;\">\n<input type=\"hidden\" name=\"_wpcf7\" value=\"4928\" \/>\n<input type=\"hidden\" name=\"_wpcf7_version\" value=\"5.7.7\" \/>\n<input type=\"hidden\" name=\"_wpcf7_locale\" value=\"pt_BR\" \/>\n<input type=\"hidden\" name=\"_wpcf7_unit_tag\" value=\"wpcf7-f4928-o2\" \/>\n<input type=\"hidden\" name=\"_wpcf7_container_post\" value=\"0\" \/>\n<input type=\"hidden\" name=\"_wpcf7_posted_data_hash\" value=\"\" \/>\n<\/div>\n<div id=\"geral\">\n\t<div id=\"col-esquerda\">\n\t\t<p><span class=\"wpcf7-form-control-wrap\" data-name=\"nome\"><input size=\"40\" class=\"wpcf7-form-control wpcf7-text wpcf7-validates-as-required\" aria-required=\"true\" aria-invalid=\"false\" placeholder=\"Nome\" value=\"\" type=\"text\" name=\"nome\" \/><\/span><br \/>\n<span class=\"wpcf7-form-control-wrap\" data-name=\"whatsapp\"><input size=\"40\" class=\"wpcf7-form-control wpcf7-text wpcf7-validates-as-required cel\" aria-required=\"true\" aria-invalid=\"false\" placeholder=\"WhatsApp\" value=\"\" type=\"text\" name=\"whatsapp\" \/><\/span><br \/>\n<span class=\"wpcf7-form-control-wrap\" data-name=\"email\"><input size=\"40\" class=\"wpcf7-form-control wpcf7-text wpcf7-email wpcf7-validates-as-required wpcf7-validates-as-email\" aria-required=\"true\" aria-invalid=\"false\" placeholder=\"E-mail\" value=\"\" type=\"email\" name=\"email\" \/><\/span>\n\t\t<\/p>\n\t<\/div>\n\t<div id=\"col-direita\">\n\t\t<p><span class=\"wpcf7-form-control-wrap\" data-name=\"msg\"><textarea cols=\"40\" rows=\"10\" class=\"wpcf7-form-control wpcf7-textarea wpcf7-validates-as-required\" aria-required=\"true\" aria-invalid=\"false\" placeholder=\"Mensagem\" name=\"msg\"><\/textarea><\/span>\n\t\t<\/p>\n\t<\/div>\n\t<div id=\"rodape\">\n\t\t<p><input class=\"wpcf7-form-control has-spinner wpcf7-submit btn btn-primary\" type=\"submit\" value=\"ENVIAR MENSAGEM\" \/>\n\t\t<\/p>\n\t<\/div>\n<\/div><p style=\"display: none !important;\"><label>&#916;<textarea name=\"_wpcf7_ak_hp_textarea\" cols=\"45\" rows=\"8\" maxlength=\"100\"><\/textarea><\/label><input type=\"hidden\" id=\"ak_js_2\" name=\"_wpcf7_ak_js\" value=\"5\"\/><script>document.getElementById( \"ak_js_2\" ).setAttribute( \"value\", ( new Date() ).getTime() );<\/script><\/p><div class=\"wpcf7-response-output\" aria-hidden=\"true\"><\/div>\n<\/form>\n<\/div>\n <\/div><\/div><\/div><\/div><\/div> \n\n <div   class=\"ui-column span6\"><div  class=\"ui--animation-in make--fx--caption-right ui--pass clearfix\" data-fx=\"fx--caption-right\" data-delay=\"150\" data-start-delay=\"0\"><div class=\"ui--title ui--animation ui--title-bordered text-left\"><div class=\"ui--title-holder\"><h3 class=\"ui--title-text\"><strong>Onde Estamos<\/strong><\/h3><div class=\"ui--title-borders ui--title-border-left\"><\/div><div class=\"ui--title-borders ui--title-border-right\"><\/div><\/div><\/div><div class=\"auto-format ui--animation\"><p><iframe src=\"https:\/\/www.google.com\/maps\/embed?pb=!1m18!1m12!1m3!1d3753.1802219294864!2d-43.96016468563604!3d-19.832325940399713!2m3!1f0!2f0!3f0!3m2!1i1024!2i768!4f13.1!3m3!1m2!1s0xa6901c28004451%3A0xea66d47b748ef7c3!2sAv.%20Gen.%20Ol%C3%ADmpio%20Mour%C3%A3o%20Filho%2C%20496%20-%20Itapo%C3%A3%2C%20Belo%20Horizonte%20-%20MG%2C%2031710-690!5e0!3m2!1spt-BR!2sbr!4v1635771941669!5m2!1spt-BR!2sbr\" width=\"100%\" height=\"560\" style=\"border:0;\" allowfullscreen=\"\" loading=\"lazy\"><\/iframe><\/p>\n<\/div><\/div><\/div> \n\n<\/div> \n<div  class=\"ui--space clearfix\" style=\"height: 60px;\" data-responsive=\"{&quot;css&quot;:{&quot;height&quot;:{&quot;phone&quot;:&quot;30px&quot;,&quot;tablet&quot;:&quot;60px&quot;,&quot;widescreen&quot;:&quot;60px&quot;}}}\"><\/div><div  id=\"section-cr4zq\" class=\"fullwidth-content ui--section clearfix inner-shadow-2 section-cr4zq\" style=\"margin-bottom: -12px;\"><div  class=\"ui--section-content inner-shadow-2\"><div class=\"container\"><div class=\"ui-row row\">\n <div   class=\"ui-column span4\"><div  class=\"ui--icon-box position--left\"><span class=\"ui--icon-box-icon ui--animation\"><i class=\"ui--icon fontawesome-map-marker icon-inline-block icon-with-background radius-circle\" style=\"font-size: 28px;  width: 32px;  height: 32px;  color: #333333 !important;  border-width: 3px;  border-style: solid;\"><\/i><\/span><div  class=\"ui--icon-box-content\"><h4 class=\"ui--icon-box-title ui--animation text-left\" data-fx=\"fx--no-effect\"><span ><strong>Endere\u00e7o<\/strong><\/span><\/h4><div  class=\"ui--animation ui--icon-box-text text-left\" data-fx=\"fx--no-effect\"><p>Av. General Ol\u00edmpio Mour\u00e3o Filho, 496<br \/>Itapo\u00e3 \u2022 Belo Horizonte-MG<\/p>\n<\/div><\/div><\/div><\/div> \n\n <div   class=\"ui-column span4\"><div  class=\"ui--icon-box position--left\"><span class=\"ui--icon-box-icon ui--animation\"><i class=\"ui--icon fontawesome-phone icon-inline-block icon-with-background radius-circle\" style=\"font-size: 28px;  width: 32px;  height: 32px;  color: #333333 !important;  border-width: 3px;  border-style: solid;\"><\/i><\/span><div  class=\"ui--icon-box-content\"><h4 class=\"ui--icon-box-title ui--animation text-left\" data-fx=\"fx--no-effect\"><span ><strong>Telefones<\/strong><\/span><\/h4><div  class=\"ui--animation ui--icon-box-text text-left\" data-fx=\"fx--no-effect\"><p><a href=\"tel:3134925062\" target=\"_blank\"><i class=\"fa fa-phone-square\"><\/i> (31) 3492-5062<\/a><br \/>\n<a href=\"https:\/\/api.whatsapp.com\/send?phone=5531988662400\" target=\"_blank\"><i class=\"fa fa-whatsapp\"><\/i> (31) 9 8866-2400<\/a><\/p>\n<\/div><\/div><\/div><\/div> \n\n <div   class=\"ui-column span4\"><div  class=\"ui--icon-box position--left\"><span class=\"ui--icon-box-icon ui--animation\"><i class=\"ui--icon fontawesome-envelope icon-inline-block icon-with-background radius-circle\" style=\"font-size: 28px;  width: 32px;  height: 32px;  color: #333333 !important;  border-width: 3px;  border-style: solid;\"><\/i><\/span><div  class=\"ui--icon-box-content\"><h4 class=\"ui--icon-box-title ui--animation text-left\" data-fx=\"fx--no-effect\"><span ><strong>E-Mails<\/strong><\/span><\/h4><div  class=\"ui--animation ui--icon-box-text text-left\" data-fx=\"fx--no-effect\"><p>contato@personaliteservicos.com.br<br \/>\nvagas@personaliteservicos.com.br<\/p>\n<\/div><\/div><\/div><\/div> \n\n<\/div> \n<\/div><\/div><\/div><!-- \/.fullwidth-container -->","protected":false},"excerpt":{"rendered":"<p>Como podemos ajudar?QUERO SABER SOBRE VAGAS &#916; QUERO ENTRAR EM CONTATO &#916; Onde Estamos Endere\u00e7oAv. General Ol\u00edmpio Mour\u00e3o Filho, 496Itapo\u00e3 \u2022 Belo Horizonte-MG Telefones (31) 3492-5062 (31) 9 8866-2400 E-Mailscontato@personaliteservicos.com.br vagas@personaliteservicos.com.br<\/p>\n","protected":false},"author":7,"featured_media":0,"parent":0,"menu_order":6,"comment_status":"closed","ping_status":"closed","template":"","meta":{"_joinchat":[],"footnotes":""},"class_list":["post-370","page","type-page","status-publish","hentry"],"_links":{"self":[{"href":"https:\/\/personaliteservicos.com.br\/personalite\/wp-json\/wp\/v2\/pages\/370","targetHints":{"allow":["GET"]}}],"collection":[{"href":"https:\/\/personaliteservicos.com.br\/personalite\/wp-json\/wp\/v2\/pages"}],"about":[{"href":"https:\/\/personaliteservicos.com.br\/personalite\/wp-json\/wp\/v2\/types\/page"}],"author":[{"embeddable":true,"href":"https:\/\/personaliteservicos.com.br\/personalite\/wp-json\/wp\/v2\/users\/7"}],"replies":[{"embeddable":true,"href":"https:\/\/personaliteservicos.com.br\/personalite\/wp-json\/wp\/v2\/comments?post=370"}],"version-history":[{"count":9,"href":"https:\/\/personaliteservicos.com.br\/personalite\/wp-json\/wp\/v2\/pages\/370\/revisions"}],"predecessor-version":[{"id":4975,"href":"https:\/\/personaliteservicos.com.br\/personalite\/wp-json\/wp\/v2\/pages\/370\/revisions\/4975"}],"wp:attachment":[{"href":"https:\/\/personaliteservicos.com.br\/personalite\/wp-json\/wp\/v2\/media?parent=370"}],"curies":[{"name":"wp","href":"https:\/\/api.w.org\/{rel}","templated":true}]}}