{"id":49,"date":"2021-11-01T03:00:59","date_gmt":"2021-11-01T06:00:59","guid":{"rendered":"http:\/\/envision.wptation.com\/?page_id=49"},"modified":"2021-11-04T12:53:01","modified_gmt":"2021-11-04T15:53:01","slug":"servicos-personalite","status":"publish","type":"page","link":"http:\/\/personaliteservicos.com.br\/personalite\/servicos-personalite\/","title":{"rendered":"Servi\u00e7os Personalit\u00e9"},"content":{"rendered":"<div  id=\"section-le6to\" class=\"fullwidth-content ui--section clearfix section-le6to\" style=\"margin-bottom: -12px;\"><div  class=\"ui--section-content\" style=\"padding-top: 60px;  padding-bottom: 60px;\"><div class=\"container\"><div  class=\"ui--animation-in make--fx--caption-bottom ui--pass clearfix\" data-fx=\"fx--caption-bottom\" data-delay=\"250\" data-start-delay=\"0\"><div class=\"portfolio-container-wrapper ui--pass\" data-layout=\"masonry\" data-columns=\"4\" style=\"margin-top: -31px;\"><div id=\"portfolio-9XHEm\" class=\"portfolio-container layout--masonry clearfix\"><div class=\"ui--masonry row clearfix\"><div class=\"ui-row row\">\n <div   class=\"ui-column span3\"><div class=\"ui--block ui--content-item ui--pass ui--animation\"><div  class=\"ui--content-box ui--box ui-row\"><div class=\"ui--content-box-header\"><div class=\"ui--content-box-media effect--fade type--default clearfix\" style=\"padding-bottom: 56.25%;\"><a class=\"ui--content-box-link\" href=\"http:\/\/personaliteservicos.com.br\/personalite\/servicos\/jardinagem-e-paisagismo\/\"><div class=\"ui--content-box-image-default\"><img loading=\"lazy\" decoding=\"async\" width=\"570\" height=\"321\" src=\"http:\/\/personaliteservicos.com.br\/personalite\/wp-content\/uploads\/2021\/11\/portfolio-jardinagem-570x321.jpg\" class=\"ui--content-box-image\" alt=\"\" \/><\/div><div class=\"ui--content-box-overlay\"><div class=\"ui--content-box-overlay-background\"><\/div><div class=\"center\"><span class=\"btn btn-grey ui--center-vertical\"><span class=\"ui--content-box-overlay-button-icon\"><i class=\"ui--icon fontawesome-link icon-inline-block\" style=\"font-size: 18px;  width: 22px;  height: 22px;\"><\/i><\/span><\/span><\/div><\/div><\/a><\/div><a class=\"ui--content-box-link\" href=\"http:\/\/personaliteservicos.com.br\/personalite\/servicos\/jardinagem-e-paisagismo\/\"><div class=\"ui--content-box-title ui--gradient ui--gradient-grey on--hover clearfix text-center\"><h5 class=\"ui--content-box-title-text\">Jardinagem e Paisagismo<\/h5><\/div><\/a><\/div><\/div><div class=\"ui--shadow ui--shadow-type-2 ui--shadow-abs ui--shadow-reset clearfix\"><img decoding=\"async\" src=\"http:\/\/personaliteservicos.com.br\/personalite\/wp-content\/themes\/envision\/includes\/modules\/module.shadow\/shadows\/shadow-2.png\" alt=\"shadow\" \/><\/div><\/div><\/div> \n\n <div   class=\"ui-column span3\"><div class=\"ui--block ui--content-item ui--pass ui--animation\"><div  class=\"ui--content-box ui--box ui-row\"><div class=\"ui--content-box-header\"><div class=\"ui--content-box-media effect--fade type--default clearfix\" style=\"padding-bottom: 56.25%;\"><a class=\"ui--content-box-link\" href=\"http:\/\/personaliteservicos.com.br\/personalite\/servicos\/recepcionista\/\"><div class=\"ui--content-box-image-default\"><img loading=\"lazy\" decoding=\"async\" width=\"570\" height=\"321\" src=\"http:\/\/personaliteservicos.com.br\/personalite\/wp-content\/uploads\/2021\/11\/portfolio-recepcionista-570x321.jpg\" class=\"ui--content-box-image\" alt=\"\" \/><\/div><div class=\"ui--content-box-overlay\"><div class=\"ui--content-box-overlay-background\"><\/div><div class=\"center\"><span class=\"btn btn-grey ui--center-vertical\"><span class=\"ui--content-box-overlay-button-icon\"><i class=\"ui--icon fontawesome-link icon-inline-block\" style=\"font-size: 18px;  width: 22px;  height: 22px;\"><\/i><\/span><\/span><\/div><\/div><\/a><\/div><a class=\"ui--content-box-link\" href=\"http:\/\/personaliteservicos.com.br\/personalite\/servicos\/recepcionista\/\"><div class=\"ui--content-box-title ui--gradient ui--gradient-grey on--hover clearfix text-center\"><h5 class=\"ui--content-box-title-text\">Recepcionista<\/h5><\/div><\/a><\/div><\/div><div class=\"ui--shadow ui--shadow-type-2 ui--shadow-abs ui--shadow-reset clearfix\"><img decoding=\"async\" src=\"http:\/\/personaliteservicos.com.br\/personalite\/wp-content\/themes\/envision\/includes\/modules\/module.shadow\/shadows\/shadow-2.png\" alt=\"shadow\" \/><\/div><\/div><\/div> \n\n <div   class=\"ui-column span3\"><div class=\"ui--block ui--content-item ui--pass ui--animation\"><div  class=\"ui--content-box ui--box ui-row\"><div class=\"ui--content-box-header\"><div class=\"ui--content-box-media effect--fade type--default clearfix\" style=\"padding-bottom: 56.25%;\"><a class=\"ui--content-box-link\" href=\"http:\/\/personaliteservicos.com.br\/personalite\/servicos\/telefonista\/\"><div class=\"ui--content-box-image-default\"><img loading=\"lazy\" decoding=\"async\" width=\"570\" height=\"321\" src=\"http:\/\/personaliteservicos.com.br\/personalite\/wp-content\/uploads\/2021\/11\/portfolio-telefonista-570x321.jpg\" class=\"ui--content-box-image\" alt=\"\" \/><\/div><div class=\"ui--content-box-overlay\"><div class=\"ui--content-box-overlay-background\"><\/div><div class=\"center\"><span class=\"btn btn-grey ui--center-vertical\"><span class=\"ui--content-box-overlay-button-icon\"><i class=\"ui--icon fontawesome-link icon-inline-block\" style=\"font-size: 18px;  width: 22px;  height: 22px;\"><\/i><\/span><\/span><\/div><\/div><\/a><\/div><a class=\"ui--content-box-link\" href=\"http:\/\/personaliteservicos.com.br\/personalite\/servicos\/telefonista\/\"><div class=\"ui--content-box-title ui--gradient ui--gradient-grey on--hover clearfix text-center\"><h5 class=\"ui--content-box-title-text\">Telefonista<\/h5><\/div><\/a><\/div><\/div><div class=\"ui--shadow ui--shadow-type-2 ui--shadow-abs ui--shadow-reset clearfix\"><img decoding=\"async\" src=\"http:\/\/personaliteservicos.com.br\/personalite\/wp-content\/themes\/envision\/includes\/modules\/module.shadow\/shadows\/shadow-2.png\" alt=\"shadow\" \/><\/div><\/div><\/div> \n\n <div   class=\"ui-column span3\"><div class=\"ui--block ui--content-item ui--pass ui--animation\"><div  class=\"ui--content-box ui--box ui-row\"><div class=\"ui--content-box-header\"><div class=\"ui--content-box-media effect--fade type--default clearfix\" style=\"padding-bottom: 56.25%;\"><a class=\"ui--content-box-link\" href=\"http:\/\/personaliteservicos.com.br\/personalite\/servicos\/vigilancia-eletronica\/\"><div class=\"ui--content-box-image-default\"><img loading=\"lazy\" decoding=\"async\" width=\"570\" height=\"321\" src=\"http:\/\/personaliteservicos.com.br\/personalite\/wp-content\/uploads\/2021\/11\/portfolio-vigilancia-eletronica-570x321.jpg\" class=\"ui--content-box-image\" alt=\"\" \/><\/div><div class=\"ui--content-box-overlay\"><div class=\"ui--content-box-overlay-background\"><\/div><div class=\"center\"><span class=\"btn btn-grey ui--center-vertical\"><span class=\"ui--content-box-overlay-button-icon\"><i class=\"ui--icon fontawesome-link icon-inline-block\" style=\"font-size: 18px;  width: 22px;  height: 22px;\"><\/i><\/span><\/span><\/div><\/div><\/a><\/div><a class=\"ui--content-box-link\" href=\"http:\/\/personaliteservicos.com.br\/personalite\/servicos\/vigilancia-eletronica\/\"><div class=\"ui--content-box-title ui--gradient ui--gradient-grey on--hover clearfix text-center\"><h5 class=\"ui--content-box-title-text\">Vigil\u00e2ncia Eletr\u00f4nica<\/h5><\/div><\/a><\/div><\/div><div class=\"ui--shadow ui--shadow-type-2 ui--shadow-abs ui--shadow-reset clearfix\"><img decoding=\"async\" src=\"http:\/\/personaliteservicos.com.br\/personalite\/wp-content\/themes\/envision\/includes\/modules\/module.shadow\/shadows\/shadow-2.png\" alt=\"shadow\" \/><\/div><\/div><\/div> \n\n<\/div> \n<div class=\"ui-row row\">\n <div   class=\"ui-column span3\"><div class=\"ui--block ui--content-item ui--pass ui--animation\"><div  class=\"ui--content-box ui--box ui-row\"><div class=\"ui--content-box-header\"><div class=\"ui--content-box-media effect--fade type--default clearfix\" style=\"padding-bottom: 56.25%;\"><a class=\"ui--content-box-link\" href=\"http:\/\/personaliteservicos.com.br\/personalite\/servicos\/porteiro\/\"><div class=\"ui--content-box-image-default\"><img loading=\"lazy\" decoding=\"async\" width=\"570\" height=\"321\" src=\"http:\/\/personaliteservicos.com.br\/personalite\/wp-content\/uploads\/2021\/11\/portfolio-porteiro-570x321.jpg\" class=\"ui--content-box-image\" alt=\"\" \/><\/div><div class=\"ui--content-box-overlay\"><div class=\"ui--content-box-overlay-background\"><\/div><div class=\"center\"><span class=\"btn btn-grey ui--center-vertical\"><span class=\"ui--content-box-overlay-button-icon\"><i class=\"ui--icon fontawesome-link icon-inline-block\" style=\"font-size: 18px;  width: 22px;  height: 22px;\"><\/i><\/span><\/span><\/div><\/div><\/a><\/div><a class=\"ui--content-box-link\" href=\"http:\/\/personaliteservicos.com.br\/personalite\/servicos\/porteiro\/\"><div class=\"ui--content-box-title ui--gradient ui--gradient-grey on--hover clearfix text-center\"><h5 class=\"ui--content-box-title-text\">Porteiro<\/h5><\/div><\/a><\/div><\/div><div class=\"ui--shadow ui--shadow-type-2 ui--shadow-abs ui--shadow-reset clearfix\"><img decoding=\"async\" src=\"http:\/\/personaliteservicos.com.br\/personalite\/wp-content\/themes\/envision\/includes\/modules\/module.shadow\/shadows\/shadow-2.png\" alt=\"shadow\" \/><\/div><\/div><\/div> \n\n <div   class=\"ui-column span3\"><div class=\"ui--block ui--content-item ui--pass ui--animation\"><div  class=\"ui--content-box ui--box ui-row\"><div class=\"ui--content-box-header\"><div class=\"ui--content-box-media effect--fade type--default clearfix\" style=\"padding-bottom: 56.25%;\"><a class=\"ui--content-box-link\" href=\"http:\/\/personaliteservicos.com.br\/personalite\/servicos\/limpeza\/\"><div class=\"ui--content-box-image-default\"><img loading=\"lazy\" decoding=\"async\" width=\"570\" height=\"321\" src=\"http:\/\/personaliteservicos.com.br\/personalite\/wp-content\/uploads\/2021\/11\/portfolio-limpeza-570x321.jpg\" class=\"ui--content-box-image\" alt=\"\" \/><\/div><div class=\"ui--content-box-overlay\"><div class=\"ui--content-box-overlay-background\"><\/div><div class=\"center\"><span class=\"btn btn-grey ui--center-vertical\"><span class=\"ui--content-box-overlay-button-icon\"><i class=\"ui--icon fontawesome-link icon-inline-block\" style=\"font-size: 18px;  width: 22px;  height: 22px;\"><\/i><\/span><\/span><\/div><\/div><\/a><\/div><a class=\"ui--content-box-link\" href=\"http:\/\/personaliteservicos.com.br\/personalite\/servicos\/limpeza\/\"><div class=\"ui--content-box-title ui--gradient ui--gradient-grey on--hover clearfix text-center\"><h5 class=\"ui--content-box-title-text\">Limpeza<\/h5><\/div><\/a><\/div><\/div><div class=\"ui--shadow ui--shadow-type-2 ui--shadow-abs ui--shadow-reset clearfix\"><img decoding=\"async\" src=\"http:\/\/personaliteservicos.com.br\/personalite\/wp-content\/themes\/envision\/includes\/modules\/module.shadow\/shadows\/shadow-2.png\" alt=\"shadow\" \/><\/div><\/div><\/div> \n\n <div   class=\"ui-column span3\"><div class=\"ui--block ui--content-item ui--pass ui--animation\"><div  class=\"ui--content-box ui--box ui-row\"><div class=\"ui--content-box-header\"><div class=\"ui--content-box-media effect--fade type--default clearfix\" style=\"padding-bottom: 56.25%;\"><a class=\"ui--content-box-link\" href=\"http:\/\/personaliteservicos.com.br\/personalite\/servicos\/asseio-e-conservacao\/\"><div class=\"ui--content-box-image-default\"><img loading=\"lazy\" decoding=\"async\" width=\"570\" height=\"321\" src=\"http:\/\/personaliteservicos.com.br\/personalite\/wp-content\/uploads\/2021\/11\/portfolio-conservacao-570x321.jpg\" class=\"ui--content-box-image\" alt=\"\" \/><\/div><div class=\"ui--content-box-overlay\"><div class=\"ui--content-box-overlay-background\"><\/div><div class=\"center\"><span class=\"btn btn-grey ui--center-vertical\"><span class=\"ui--content-box-overlay-button-icon\"><i class=\"ui--icon fontawesome-link icon-inline-block\" style=\"font-size: 18px;  width: 22px;  height: 22px;\"><\/i><\/span><\/span><\/div><\/div><\/a><\/div><a class=\"ui--content-box-link\" href=\"http:\/\/personaliteservicos.com.br\/personalite\/servicos\/asseio-e-conservacao\/\"><div class=\"ui--content-box-title ui--gradient ui--gradient-grey on--hover clearfix text-center\"><h5 class=\"ui--content-box-title-text\">Asseio e Conserva\u00e7\u00e3o<\/h5><\/div><\/a><\/div><\/div><div class=\"ui--shadow ui--shadow-type-2 ui--shadow-abs ui--shadow-reset clearfix\"><img decoding=\"async\" src=\"http:\/\/personaliteservicos.com.br\/personalite\/wp-content\/themes\/envision\/includes\/modules\/module.shadow\/shadows\/shadow-2.png\" alt=\"shadow\" \/><\/div><\/div><\/div> \n\n <div   class=\"ui-column span3\"><div class=\"ui--block ui--content-item ui--pass ui--animation\"><div  class=\"ui--content-box ui--box ui-row\"><div class=\"ui--content-box-header\"><div class=\"ui--content-box-media effect--fade type--default clearfix\" style=\"padding-bottom: 56.25%;\"><a class=\"ui--content-box-link\" href=\"http:\/\/personaliteservicos.com.br\/personalite\/servicos\/vigia\/\"><div class=\"ui--content-box-image-default\"><img loading=\"lazy\" decoding=\"async\" width=\"570\" height=\"321\" src=\"http:\/\/personaliteservicos.com.br\/personalite\/wp-content\/uploads\/2021\/11\/portfolio-vigia-570x321.jpg\" class=\"ui--content-box-image\" alt=\"\" \/><\/div><div class=\"ui--content-box-overlay\"><div class=\"ui--content-box-overlay-background\"><\/div><div class=\"center\"><span class=\"btn btn-grey ui--center-vertical\"><span class=\"ui--content-box-overlay-button-icon\"><i class=\"ui--icon fontawesome-link icon-inline-block\" style=\"font-size: 18px;  width: 22px;  height: 22px;\"><\/i><\/span><\/span><\/div><\/div><\/a><\/div><a class=\"ui--content-box-link\" href=\"http:\/\/personaliteservicos.com.br\/personalite\/servicos\/vigia\/\"><div class=\"ui--content-box-title ui--gradient ui--gradient-grey on--hover clearfix text-center\"><h5 class=\"ui--content-box-title-text\">Vigia<\/h5><\/div><\/a><\/div><\/div><div class=\"ui--shadow ui--shadow-type-2 ui--shadow-abs ui--shadow-reset clearfix\"><img decoding=\"async\" src=\"http:\/\/personaliteservicos.com.br\/personalite\/wp-content\/themes\/envision\/includes\/modules\/module.shadow\/shadows\/shadow-2.png\" alt=\"shadow\" \/><\/div><\/div><\/div> \n\n<\/div> \n<div class=\"ui-row row\">\n <div   class=\"ui-column span3\"><div class=\"ui--block ui--content-item ui--pass ui--animation\"><div  class=\"ui--content-box ui--box ui-row\"><div class=\"ui--content-box-header\"><div class=\"ui--content-box-media effect--fade type--default clearfix\" style=\"padding-bottom: 56.25%;\"><a class=\"ui--content-box-link\" href=\"http:\/\/personaliteservicos.com.br\/personalite\/servicos\/seguranca-bancaria\/\"><div class=\"ui--content-box-image-default\"><img loading=\"lazy\" decoding=\"async\" width=\"570\" height=\"321\" src=\"http:\/\/personaliteservicos.com.br\/personalite\/wp-content\/uploads\/2021\/11\/portfolio-seguranca-bancaria-570x321.jpg\" class=\"ui--content-box-image\" alt=\"\" \/><\/div><div class=\"ui--content-box-overlay\"><div class=\"ui--content-box-overlay-background\"><\/div><div class=\"center\"><span class=\"btn btn-grey ui--center-vertical\"><span class=\"ui--content-box-overlay-button-icon\"><i class=\"ui--icon fontawesome-link icon-inline-block\" style=\"font-size: 18px;  width: 22px;  height: 22px;\"><\/i><\/span><\/span><\/div><\/div><\/a><\/div><a class=\"ui--content-box-link\" href=\"http:\/\/personaliteservicos.com.br\/personalite\/servicos\/seguranca-bancaria\/\"><div class=\"ui--content-box-title ui--gradient ui--gradient-grey on--hover clearfix text-center\"><h5 class=\"ui--content-box-title-text\">Seguran\u00e7a Banc\u00e1ria<\/h5><\/div><\/a><\/div><\/div><div class=\"ui--shadow ui--shadow-type-2 ui--shadow-abs ui--shadow-reset clearfix\"><img decoding=\"async\" src=\"http:\/\/personaliteservicos.com.br\/personalite\/wp-content\/themes\/envision\/includes\/modules\/module.shadow\/shadows\/shadow-2.png\" alt=\"shadow\" \/><\/div><\/div><\/div> \n\n <div   class=\"ui-column span3\"><div class=\"ui--block ui--content-item ui--pass ui--animation\"><div  class=\"ui--content-box ui--box ui-row\"><div class=\"ui--content-box-header\"><div class=\"ui--content-box-media effect--fade type--default clearfix\" style=\"padding-bottom: 56.25%;\"><a class=\"ui--content-box-link\" href=\"http:\/\/personaliteservicos.com.br\/personalite\/servicos\/seguranca-armada\/\"><div class=\"ui--content-box-image-default\"><img loading=\"lazy\" decoding=\"async\" width=\"570\" height=\"321\" src=\"http:\/\/personaliteservicos.com.br\/personalite\/wp-content\/uploads\/2021\/11\/portfolio-seguranca-armada-570x321.jpg\" class=\"ui--content-box-image\" alt=\"\" \/><\/div><div class=\"ui--content-box-overlay\"><div class=\"ui--content-box-overlay-background\"><\/div><div class=\"center\"><span class=\"btn btn-grey ui--center-vertical\"><span class=\"ui--content-box-overlay-button-icon\"><i class=\"ui--icon fontawesome-link icon-inline-block\" style=\"font-size: 18px;  width: 22px;  height: 22px;\"><\/i><\/span><\/span><\/div><\/div><\/a><\/div><a class=\"ui--content-box-link\" href=\"http:\/\/personaliteservicos.com.br\/personalite\/servicos\/seguranca-armada\/\"><div class=\"ui--content-box-title ui--gradient ui--gradient-grey on--hover clearfix text-center\"><h5 class=\"ui--content-box-title-text\">Seguran\u00e7a Armada<\/h5><\/div><\/a><\/div><\/div><div class=\"ui--shadow ui--shadow-type-2 ui--shadow-abs ui--shadow-reset clearfix\"><img decoding=\"async\" src=\"http:\/\/personaliteservicos.com.br\/personalite\/wp-content\/themes\/envision\/includes\/modules\/module.shadow\/shadows\/shadow-2.png\" alt=\"shadow\" \/><\/div><\/div><\/div> \n\n <div   class=\"ui-column span3\"><div class=\"ui--block ui--content-item ui--pass ui--animation\"><div  class=\"ui--content-box ui--box ui-row\"><div class=\"ui--content-box-header\"><div class=\"ui--content-box-media effect--fade type--default clearfix\" style=\"padding-bottom: 56.25%;\"><a class=\"ui--content-box-link\" href=\"http:\/\/personaliteservicos.com.br\/personalite\/servicos\/seguranca-desarmada\/\"><div class=\"ui--content-box-image-default\"><img loading=\"lazy\" decoding=\"async\" width=\"570\" height=\"321\" src=\"http:\/\/personaliteservicos.com.br\/personalite\/wp-content\/uploads\/2021\/11\/portfolio-seguranca-desarmada-570x321.jpg\" class=\"ui--content-box-image\" alt=\"\" \/><\/div><div class=\"ui--content-box-overlay\"><div class=\"ui--content-box-overlay-background\"><\/div><div class=\"center\"><span class=\"btn btn-grey ui--center-vertical\"><span class=\"ui--content-box-overlay-button-icon\"><i class=\"ui--icon fontawesome-link icon-inline-block\" style=\"font-size: 18px;  width: 22px;  height: 22px;\"><\/i><\/span><\/span><\/div><\/div><\/a><\/div><a class=\"ui--content-box-link\" href=\"http:\/\/personaliteservicos.com.br\/personalite\/servicos\/seguranca-desarmada\/\"><div class=\"ui--content-box-title ui--gradient ui--gradient-grey on--hover clearfix text-center\"><h5 class=\"ui--content-box-title-text\">Seguran\u00e7a Desarmada<\/h5><\/div><\/a><\/div><\/div><div class=\"ui--shadow ui--shadow-type-2 ui--shadow-abs ui--shadow-reset clearfix\"><img decoding=\"async\" src=\"http:\/\/personaliteservicos.com.br\/personalite\/wp-content\/themes\/envision\/includes\/modules\/module.shadow\/shadows\/shadow-2.png\" alt=\"shadow\" \/><\/div><\/div><\/div> \n\n <div   class=\"ui-column span3\"><div class=\"ui--block ui--content-item ui--pass ui--animation\"><div  class=\"ui--content-box ui--box ui-row\"><div class=\"ui--content-box-header\"><div class=\"ui--content-box-media effect--fade type--default clearfix\" style=\"padding-bottom: 56.25%;\"><a class=\"ui--content-box-link\" href=\"http:\/\/personaliteservicos.com.br\/personalite\/servicos\/seguranca-de-condominios\/\"><div class=\"ui--content-box-image-default\"><img loading=\"lazy\" decoding=\"async\" width=\"570\" height=\"321\" src=\"http:\/\/personaliteservicos.com.br\/personalite\/wp-content\/uploads\/2021\/11\/portfolio-seguranca-condominio-570x321.jpg\" class=\"ui--content-box-image\" alt=\"\" \/><\/div><div class=\"ui--content-box-overlay\"><div class=\"ui--content-box-overlay-background\"><\/div><div class=\"center\"><span class=\"btn btn-grey ui--center-vertical\"><span class=\"ui--content-box-overlay-button-icon\"><i class=\"ui--icon fontawesome-link icon-inline-block\" style=\"font-size: 18px;  width: 22px;  height: 22px;\"><\/i><\/span><\/span><\/div><\/div><\/a><\/div><a class=\"ui--content-box-link\" href=\"http:\/\/personaliteservicos.com.br\/personalite\/servicos\/seguranca-de-condominios\/\"><div class=\"ui--content-box-title ui--gradient ui--gradient-grey on--hover clearfix text-center\"><h5 class=\"ui--content-box-title-text\">Seguran\u00e7a de Condom\u00ednios<\/h5><\/div><\/a><\/div><\/div><div class=\"ui--shadow ui--shadow-type-2 ui--shadow-abs ui--shadow-reset clearfix\"><img decoding=\"async\" src=\"http:\/\/personaliteservicos.com.br\/personalite\/wp-content\/themes\/envision\/includes\/modules\/module.shadow\/shadows\/shadow-2.png\" alt=\"shadow\" \/><\/div><\/div><\/div> \n\n<\/div> \n<div class=\"ui-row row\">\n <div   class=\"ui-column span3\"><div class=\"ui--block ui--content-item ui--pass ui--animation\"><div  class=\"ui--content-box ui--box ui-row\"><div class=\"ui--content-box-header\"><div class=\"ui--content-box-media effect--fade type--default clearfix\" style=\"padding-bottom: 56.25%;\"><a class=\"ui--content-box-link\" href=\"http:\/\/personaliteservicos.com.br\/personalite\/servicos\/sistema-de-controle-de-acesso\/\"><div class=\"ui--content-box-image-default\"><img loading=\"lazy\" decoding=\"async\" width=\"570\" height=\"321\" src=\"http:\/\/personaliteservicos.com.br\/personalite\/wp-content\/uploads\/2021\/11\/portfolio-controle-de-acesso-570x321.jpg\" class=\"ui--content-box-image\" alt=\"\" \/><\/div><div class=\"ui--content-box-overlay\"><div class=\"ui--content-box-overlay-background\"><\/div><div class=\"center\"><span class=\"btn btn-grey ui--center-vertical\"><span class=\"ui--content-box-overlay-button-icon\"><i class=\"ui--icon fontawesome-link icon-inline-block\" style=\"font-size: 18px;  width: 22px;  height: 22px;\"><\/i><\/span><\/span><\/div><\/div><\/a><\/div><a class=\"ui--content-box-link\" href=\"http:\/\/personaliteservicos.com.br\/personalite\/servicos\/sistema-de-controle-de-acesso\/\"><div class=\"ui--content-box-title ui--gradient ui--gradient-grey on--hover clearfix text-center\"><h5 class=\"ui--content-box-title-text\">Sistema de Controle de Acesso<\/h5><\/div><\/a><\/div><\/div><div class=\"ui--shadow ui--shadow-type-2 ui--shadow-abs ui--shadow-reset clearfix\"><img decoding=\"async\" src=\"http:\/\/personaliteservicos.com.br\/personalite\/wp-content\/themes\/envision\/includes\/modules\/module.shadow\/shadows\/shadow-2.png\" alt=\"shadow\" \/><\/div><\/div><\/div> \n\n <div   class=\"ui-column span3\"><div class=\"ui--block ui--content-item ui--pass ui--animation\"><div  class=\"ui--content-box ui--box ui-row\"><div class=\"ui--content-box-header\"><div class=\"ui--content-box-media effect--fade type--default clearfix\" style=\"padding-bottom: 56.25%;\"><a class=\"ui--content-box-link\" href=\"http:\/\/personaliteservicos.com.br\/personalite\/servicos\/seguranca-industrial\/\"><div class=\"ui--content-box-image-default\"><img loading=\"lazy\" decoding=\"async\" width=\"570\" height=\"321\" src=\"http:\/\/personaliteservicos.com.br\/personalite\/wp-content\/uploads\/2021\/11\/portfolio-seguranca-industrial-570x321.jpg\" class=\"ui--content-box-image\" alt=\"\" \/><\/div><div class=\"ui--content-box-overlay\"><div class=\"ui--content-box-overlay-background\"><\/div><div class=\"center\"><span class=\"btn btn-grey ui--center-vertical\"><span class=\"ui--content-box-overlay-button-icon\"><i class=\"ui--icon fontawesome-link icon-inline-block\" style=\"font-size: 18px;  width: 22px;  height: 22px;\"><\/i><\/span><\/span><\/div><\/div><\/a><\/div><a class=\"ui--content-box-link\" href=\"http:\/\/personaliteservicos.com.br\/personalite\/servicos\/seguranca-industrial\/\"><div class=\"ui--content-box-title ui--gradient ui--gradient-grey on--hover clearfix text-center\"><h5 class=\"ui--content-box-title-text\">Seguran\u00e7a Industrial<\/h5><\/div><\/a><\/div><\/div><div class=\"ui--shadow ui--shadow-type-2 ui--shadow-abs ui--shadow-reset clearfix\"><img decoding=\"async\" src=\"http:\/\/personaliteservicos.com.br\/personalite\/wp-content\/themes\/envision\/includes\/modules\/module.shadow\/shadows\/shadow-2.png\" alt=\"shadow\" \/><\/div><\/div><\/div> \n\n<\/div> \n<\/div><\/div><\/div><\/div><\/div><\/div><\/div><!-- \/.fullwidth-container -->","protected":false},"excerpt":{"rendered":"<p>Jardinagem e Paisagismo Recepcionista Telefonista Vigil\u00e2ncia Eletr\u00f4nica Porteiro Limpeza Asseio e Conserva\u00e7\u00e3o Vigia Seguran\u00e7a Banc\u00e1ria Seguran\u00e7a Armada Seguran\u00e7a Desarmada Seguran\u00e7a de Condom\u00ednios Sistema de Controle de Acesso Seguran\u00e7a Industrial<\/p>\n","protected":false},"author":7,"featured_media":0,"parent":0,"menu_order":3,"comment_status":"closed","ping_status":"closed","template":"","meta":{"_joinchat":[],"footnotes":""},"class_list":["post-49","page","type-page","status-publish","hentry"],"_links":{"self":[{"href":"http:\/\/personaliteservicos.com.br\/personalite\/wp-json\/wp\/v2\/pages\/49","targetHints":{"allow":["GET"]}}],"collection":[{"href":"http:\/\/personaliteservicos.com.br\/personalite\/wp-json\/wp\/v2\/pages"}],"about":[{"href":"http:\/\/personaliteservicos.com.br\/personalite\/wp-json\/wp\/v2\/types\/page"}],"author":[{"embeddable":true,"href":"http:\/\/personaliteservicos.com.br\/personalite\/wp-json\/wp\/v2\/users\/7"}],"replies":[{"embeddable":true,"href":"http:\/\/personaliteservicos.com.br\/personalite\/wp-json\/wp\/v2\/comments?post=49"}],"version-history":[{"count":8,"href":"http:\/\/personaliteservicos.com.br\/personalite\/wp-json\/wp\/v2\/pages\/49\/revisions"}],"predecessor-version":[{"id":5057,"href":"http:\/\/personaliteservicos.com.br\/personalite\/wp-json\/wp\/v2\/pages\/49\/revisions\/5057"}],"wp:attachment":[{"href":"http:\/\/personaliteservicos.com.br\/personalite\/wp-json\/wp\/v2\/media?parent=49"}],"curies":[{"name":"wp","href":"https:\/\/api.w.org\/{rel}","templated":true}]}}